{"id":1864,"date":"2024-12-16T17:35:26","date_gmt":"2024-12-16T16:35:26","guid":{"rendered":"https:\/\/xavierpuigjaner.es\/aviso-legal\/"},"modified":"2024-12-16T17:35:26","modified_gmt":"2024-12-16T16:35:26","slug":"aviso-legal","status":"publish","type":"page","link":"https:\/\/xavierpuigjaner.es\/ca\/aviso-legal\/","title":{"rendered":"Aviso legal"},"content":{"rendered":"\n<!-- Legal document generated by Complianz | GDPR\/CCPA Cookie Consent https:\/\/wordpress.org\/plugins\/complianz-gdpr -->\n<div id=\"cmplz-document\" class=\"cmplz-document impressum cmplz-document-all\"><p><i>Aquesta impressi\u00f3 es va actualitzar per \u00faltima vegada el 20 de febrer de 2026.<\/i><\/p><p class=\"cmplz-subtitle\">El propietari d&#039;aquest lloc web \u00e9s:<\/p><p>Xavier Puigjaner P\u00e9rez <br>Av. Diagonal 399, 2\u00ba2\u00aa. 08008 BARCELONA<br>Espanya<br>Correu electr\u00f2nic:&nbsp;<span class=\"cmplz-obfuscate\">&#112;u&#105;&#103;&#106;an@<span class=\"cmplz-fmail-domain\">&#101;&#120;.&#099;&#111;m<\/span>m&#097;p&#102;r&#101;.&#099;&#111;m<\/span><br>Tel\u00e8fon: 608 060 454<br>n\u00famero d'IVA:&nbsp;46354176E<\/p><h2>1. General<\/h2><p>No estem disposats ni obligats a participar en procediments de resoluci\u00f3 de disputes davant una junta d'arbitratge de consum.<\/p><h2>2. Informaci\u00f3 addicional<\/h2><p>El presente sitio es propiedad de Xavier Puigjaner P\u00e9rez , con domicilio en Av. Diagonal 399, 2\u00ba2\u00aa. 08008 BARCELONA y con CIF: 46354176E.<br \/>\n<br \/>\nEl acceso a estos sitios web implica la aceptaci\u00f3n expresa del usuario a las presentes Condiciones de Uso, que podr\u00e1n ser modificadas o actualizadas por el titular en cualquier momento y sin previo aviso.<br \/>\n<br \/>\n<h2>Propiedad Intelectual e Industrial<\/h2><br \/>\n<br \/>\nLos contenidos, documentaci\u00f3n, programaci\u00f3n\/c\u00f3digo de los presentes sitios web, as\u00ed como las im\u00e1genes, gr\u00e1ficos, marcas, logos y dise\u00f1o, son propiedad de Xavier Puigjaner P\u00e9rez y est\u00e1n debidamente protegidos conforme a la normativa espa\u00f1ola e internacional sobre Propiedad Intelectual e Industrial. Las personas o entidades que remitan cualquier tipo de informaci\u00f3n o contenido a Xavier Puigjaner P\u00e9rez se comprometen a que dicha informaci\u00f3n sea veraz y que no infrinja los derechos de terceros ni sea contraria a la ley y el orden p\u00fablico.<br \/>\n<br \/>\nSi crees que cualquier contenido y\/o informaci\u00f3n en estos sitios web vulnera un derecho leg\u00edtimo o la normativa vigente, no dudes en ponerte en contacto con nosotros:<br \/>\n<br \/>\nAv. Diagonal 399, 2\u00ba2\u00aa. 08008 BARCELONA<br \/>\n608 060 454  <br \/>\npuigjan@mapfre.com<br \/>\n<br \/>\n<h2>Jurisdicci\u00f3n<\/h2><br \/>\n<br \/>\nCualquier controversia o conflicto que pudiera derivarse de la interpretaci\u00f3n y cumplimiento de estas Condiciones de Uso ser\u00e1 sometido a la jurisdicci\u00f3n de los Juzgados y Tribunales de Barcelona (Espa\u00f1a).<br \/>\n<\/p><\/div>\n","protected":false},"excerpt":{"rendered":"","protected":false},"author":1,"featured_media":0,"parent":0,"menu_order":0,"comment_status":"closed","ping_status":"closed","template":"","meta":{"footnotes":""},"class_list":["post-1864","page","type-page","status-publish","hentry"],"yoast_head":"<!-- This site is optimized with the Yoast SEO plugin v27.5 - https:\/\/yoast.com\/product\/yoast-seo-wordpress\/ -->\n<title>Aviso legal - Xavier Puigjaner<\/title>\n<meta name=\"robots\" content=\"index, follow, max-snippet:-1, max-image-preview:large, max-video-preview:-1\" \/>\n<link rel=\"canonical\" href=\"https:\/\/xavierpuigjaner.es\/ca\/aviso-legal\/\" \/>\n<meta property=\"og:locale\" content=\"ca_ES\" \/>\n<meta property=\"og:type\" content=\"article\" \/>\n<meta property=\"og:title\" content=\"Aviso legal - Xavier Puigjaner\" \/>\n<meta property=\"og:url\" content=\"https:\/\/xavierpuigjaner.es\/ca\/aviso-legal\/\" \/>\n<meta property=\"og:site_name\" content=\"Xavier Puigjaner\" \/>\n<meta name=\"twitter:card\" content=\"summary_large_image\" \/>\n<script type=\"application\/ld+json\" class=\"yoast-schema-graph\">{\"@context\":\"https:\\\/\\\/schema.org\",\"@graph\":[{\"@type\":\"WebPage\",\"@id\":\"https:\\\/\\\/xavierpuigjaner.es\\\/ca\\\/aviso-legal\\\/\",\"url\":\"https:\\\/\\\/xavierpuigjaner.es\\\/ca\\\/aviso-legal\\\/\",\"name\":\"Aviso legal - Xavier Puigjaner\",\"isPartOf\":{\"@id\":\"https:\\\/\\\/xavierpuigjaner.es\\\/#website\"},\"datePublished\":\"2024-12-16T16:35:26+00:00\",\"breadcrumb\":{\"@id\":\"https:\\\/\\\/xavierpuigjaner.es\\\/ca\\\/aviso-legal\\\/#breadcrumb\"},\"inLanguage\":\"ca\",\"potentialAction\":[{\"@type\":\"ReadAction\",\"target\":[\"https:\\\/\\\/xavierpuigjaner.es\\\/ca\\\/aviso-legal\\\/\"]}]},{\"@type\":\"BreadcrumbList\",\"@id\":\"https:\\\/\\\/xavierpuigjaner.es\\\/ca\\\/aviso-legal\\\/#breadcrumb\",\"itemListElement\":[{\"@type\":\"ListItem\",\"position\":1,\"name\":\"Inici\",\"item\":\"https:\\\/\\\/xavierpuigjaner.es\\\/ca\\\/inici\\\/\"},{\"@type\":\"ListItem\",\"position\":2,\"name\":\"Aviso legal\"}]},{\"@type\":\"WebSite\",\"@id\":\"https:\\\/\\\/xavierpuigjaner.es\\\/#website\",\"url\":\"https:\\\/\\\/xavierpuigjaner.es\\\/\",\"name\":\"Xavier Puigjaner\",\"description\":\"Asesor Financiero Barcelona\",\"publisher\":{\"@id\":\"https:\\\/\\\/xavierpuigjaner.es\\\/#organization\"},\"potentialAction\":[{\"@type\":\"SearchAction\",\"target\":{\"@type\":\"EntryPoint\",\"urlTemplate\":\"https:\\\/\\\/xavierpuigjaner.es\\\/?s={search_term_string}\"},\"query-input\":{\"@type\":\"PropertyValueSpecification\",\"valueRequired\":true,\"valueName\":\"search_term_string\"}}],\"inLanguage\":\"ca\"},{\"@type\":\"Organization\",\"@id\":\"https:\\\/\\\/xavierpuigjaner.es\\\/#organization\",\"name\":\"Xavier Puigjaner\",\"url\":\"https:\\\/\\\/xavierpuigjaner.es\\\/\",\"logo\":{\"@type\":\"ImageObject\",\"inLanguage\":\"ca\",\"@id\":\"https:\\\/\\\/xavierpuigjaner.es\\\/#\\\/schema\\\/logo\\\/image\\\/\",\"url\":\"https:\\\/\\\/xavierpuigjaner.es\\\/wp-content\\\/uploads\\\/2024\\\/12\\\/Recurso-4.png\",\"contentUrl\":\"https:\\\/\\\/xavierpuigjaner.es\\\/wp-content\\\/uploads\\\/2024\\\/12\\\/Recurso-4.png\",\"width\":532,\"height\":100,\"caption\":\"Xavier Puigjaner\"},\"image\":{\"@id\":\"https:\\\/\\\/xavierpuigjaner.es\\\/#\\\/schema\\\/logo\\\/image\\\/\"}}]}<\/script>\n<!-- \/ Yoast SEO plugin. -->","yoast_head_json":{"title":"Aviso legal - Xavier Puigjaner","robots":{"index":"index","follow":"follow","max-snippet":"max-snippet:-1","max-image-preview":"max-image-preview:large","max-video-preview":"max-video-preview:-1"},"canonical":"https:\/\/xavierpuigjaner.es\/ca\/aviso-legal\/","og_locale":"ca_ES","og_type":"article","og_title":"Aviso legal - Xavier Puigjaner","og_url":"https:\/\/xavierpuigjaner.es\/ca\/aviso-legal\/","og_site_name":"Xavier Puigjaner","twitter_card":"summary_large_image","schema":{"@context":"https:\/\/schema.org","@graph":[{"@type":"WebPage","@id":"https:\/\/xavierpuigjaner.es\/ca\/aviso-legal\/","url":"https:\/\/xavierpuigjaner.es\/ca\/aviso-legal\/","name":"Aviso legal - Xavier Puigjaner","isPartOf":{"@id":"https:\/\/xavierpuigjaner.es\/#website"},"datePublished":"2024-12-16T16:35:26+00:00","breadcrumb":{"@id":"https:\/\/xavierpuigjaner.es\/ca\/aviso-legal\/#breadcrumb"},"inLanguage":"ca","potentialAction":[{"@type":"ReadAction","target":["https:\/\/xavierpuigjaner.es\/ca\/aviso-legal\/"]}]},{"@type":"BreadcrumbList","@id":"https:\/\/xavierpuigjaner.es\/ca\/aviso-legal\/#breadcrumb","itemListElement":[{"@type":"ListItem","position":1,"name":"Inici","item":"https:\/\/xavierpuigjaner.es\/ca\/inici\/"},{"@type":"ListItem","position":2,"name":"Aviso legal"}]},{"@type":"WebSite","@id":"https:\/\/xavierpuigjaner.es\/#website","url":"https:\/\/xavierpuigjaner.es\/","name":"Xavier Puigjaner","description":"Asesor Financiero Barcelona","publisher":{"@id":"https:\/\/xavierpuigjaner.es\/#organization"},"potentialAction":[{"@type":"SearchAction","target":{"@type":"EntryPoint","urlTemplate":"https:\/\/xavierpuigjaner.es\/?s={search_term_string}"},"query-input":{"@type":"PropertyValueSpecification","valueRequired":true,"valueName":"search_term_string"}}],"inLanguage":"ca"},{"@type":"Organization","@id":"https:\/\/xavierpuigjaner.es\/#organization","name":"Xavier Puigjaner","url":"https:\/\/xavierpuigjaner.es\/","logo":{"@type":"ImageObject","inLanguage":"ca","@id":"https:\/\/xavierpuigjaner.es\/#\/schema\/logo\/image\/","url":"https:\/\/xavierpuigjaner.es\/wp-content\/uploads\/2024\/12\/Recurso-4.png","contentUrl":"https:\/\/xavierpuigjaner.es\/wp-content\/uploads\/2024\/12\/Recurso-4.png","width":532,"height":100,"caption":"Xavier Puigjaner"},"image":{"@id":"https:\/\/xavierpuigjaner.es\/#\/schema\/logo\/image\/"}}]}},"_links":{"self":[{"href":"https:\/\/xavierpuigjaner.es\/ca\/wp-json\/wp\/v2\/pages\/1864","targetHints":{"allow":["GET"]}}],"collection":[{"href":"https:\/\/xavierpuigjaner.es\/ca\/wp-json\/wp\/v2\/pages"}],"about":[{"href":"https:\/\/xavierpuigjaner.es\/ca\/wp-json\/wp\/v2\/types\/page"}],"author":[{"embeddable":true,"href":"https:\/\/xavierpuigjaner.es\/ca\/wp-json\/wp\/v2\/users\/1"}],"replies":[{"embeddable":true,"href":"https:\/\/xavierpuigjaner.es\/ca\/wp-json\/wp\/v2\/comments?post=1864"}],"version-history":[{"count":0,"href":"https:\/\/xavierpuigjaner.es\/ca\/wp-json\/wp\/v2\/pages\/1864\/revisions"}],"wp:attachment":[{"href":"https:\/\/xavierpuigjaner.es\/ca\/wp-json\/wp\/v2\/media?parent=1864"}],"curies":[{"name":"wp","href":"https:\/\/api.w.org\/{rel}","templated":true}]}}